{"id":37,"date":"2021-02-05T16:01:59","date_gmt":"2021-02-05T15:01:59","guid":{"rendered":"http:\/\/esthetique-beaute-luce.com\/?page_id=37"},"modified":"2025-10-02T22:12:48","modified_gmt":"2025-10-02T20:12:48","slug":"manucure-et-beute-des-pieds","status":"publish","type":"page","link":"https:\/\/esthetique-beaute-luce.com\/index.php\/manucure-et-beute-des-pieds\/","title":{"rendered":"Manucure &#8211; Beaut\u00e9 des pieds -Anti-callosit\u00e9s"},"content":{"rendered":"\n<p class=\"has-text-align-center\">*******************************************************<\/p>\n\n\n\n<p class=\"has-text-align-center has-medium-font-size\"><strong>Manucures<\/strong><\/p>\n\n\n\n<p class=\"has-text-align-center\">Manucure simple et pose de base : 25\u20ac<\/p>\n\n\n\n<p class=\"has-text-align-center\">Manucure ti\u00e8de \u00e0 la K\u00e9ratine  : 35\u20ac<\/p>\n\n\n\n<p class=\"has-text-align-center\">Express ongles &amp; Vernis simple : 30\u20ac<\/p>\n\n\n\n<p class=\"has-text-align-center\">Express ongles &amp; Vernis semi-permanent : 30\u20ac<\/p>\n\n\n\n<p class=\"has-text-align-center\">Manucure simple &amp; Pose de vernis : 50\u20ac<\/p>\n\n\n\n<div class=\"wp-block-columns is-layout-flex wp-container-core-columns-is-layout-28f84493 wp-block-columns-is-layout-flex\">\n<div class=\"wp-block-column is-layout-flow wp-block-column-is-layout-flow\">\n<figure class=\"wp-block-image size-large is-resized\"><img fetchpriority=\"high\" decoding=\"async\" width=\"722\" height=\"1024\" src=\"https:\/\/esthetique-beaute-luce.com\/wp-content\/uploads\/2025\/10\/image0-7-722x1024.jpeg\" alt=\"\" class=\"wp-image-1133\" style=\"width:233px;height:auto\" srcset=\"https:\/\/esthetique-beaute-luce.com\/wp-content\/uploads\/2025\/10\/image0-7-722x1024.jpeg 722w, https:\/\/esthetique-beaute-luce.com\/wp-content\/uploads\/2025\/10\/image0-7-212x300.jpeg 212w, https:\/\/esthetique-beaute-luce.com\/wp-content\/uploads\/2025\/10\/image0-7-768x1089.jpeg 768w, https:\/\/esthetique-beaute-luce.com\/wp-content\/uploads\/2025\/10\/image0-7.jpeg 1046w\" sizes=\"(max-width: 722px) 100vw, 722px\" \/><\/figure>\n<\/div>\n\n\n\n<div class=\"wp-block-column is-layout-flow wp-block-column-is-layout-flow\">\n<figure class=\"wp-block-image size-full\"><img decoding=\"async\" width=\"947\" height=\"983\" src=\"https:\/\/esthetique-beaute-luce.com\/wp-content\/uploads\/2025\/10\/image0-8.jpeg\" alt=\"\" class=\"wp-image-1134\" srcset=\"https:\/\/esthetique-beaute-luce.com\/wp-content\/uploads\/2025\/10\/image0-8.jpeg 947w, https:\/\/esthetique-beaute-luce.com\/wp-content\/uploads\/2025\/10\/image0-8-289x300.jpeg 289w, https:\/\/esthetique-beaute-luce.com\/wp-content\/uploads\/2025\/10\/image0-8-768x797.jpeg 768w\" sizes=\"(max-width: 947px) 100vw, 947px\" \/><\/figure>\n<\/div>\n<\/div>\n\n\n\n<p class=\"has-text-align-center\">*******************************************************<\/p>\n\n\n\n<p class=\"has-text-align-center has-medium-font-size\"><strong>Beaut\u00e9s des pieds<\/strong><\/p>\n\n\n\n<p class=\"has-text-align-center\">Beaut\u00e9 des pieds simple &amp; pose de base : 25\u20ac<\/p>\n\n\n\n<p class=\"has-text-align-center\">Beaut\u00e9 des pieds simple &amp; vernis simple : 50\u20ac<\/p>\n\n\n\n<p class=\"has-text-align-center\">Beaut\u00e9 des pieds simple &amp; vernis semi-permanent : 50\u20ac<\/p>\n\n\n\n<p class=\"has-text-align-center\">Express ongles pieds &amp; vernis simple : 30\u20ac<\/p>\n\n\n\n<p class=\"has-text-align-center\">Express ongles &amp; vernis semi-permanent : 30\u20ac<\/p>\n\n\n\n<p class=\"has-text-align-center\">Soin anti-callosit\u00e9s  (De si jolis pieds) : 45\u20ac<\/p>\n\n\n\n<p class=\"has-text-align-center\">Soin anti-callosit\u00e9s &amp; vernis simple : 70\u20ac<\/p>\n\n\n\n<p class=\"has-text-align-center\">Soin anti-callosit\u00e9s &amp; vernis semi-permanent : 70\u20ac<\/p>\n\n\n\n<p class=\"has-text-align-center\">D\u00e9pose vernis semi-permanent  : 7\u20ac <\/p>\n\n\n\n<p class=\"has-text-align-center\">*******************************************************<\/p>\n\n\n\n<p><\/p>\n\n\n\n<div class=\"wp-block-columns is-layout-flex wp-container-core-columns-is-layout-28f84493 wp-block-columns-is-layout-flex\">\n<div class=\"wp-block-column is-layout-flow wp-block-column-is-layout-flow\">\n<figure class=\"wp-block-image size-full\"><img decoding=\"async\" width=\"677\" height=\"661\" src=\"https:\/\/esthetique-beaute-luce.com\/wp-content\/uploads\/2021\/11\/IMG_7360.jpg\" alt=\"\" class=\"wp-image-569\" srcset=\"https:\/\/esthetique-beaute-luce.com\/wp-content\/uploads\/2021\/11\/IMG_7360.jpg 677w, https:\/\/esthetique-beaute-luce.com\/wp-content\/uploads\/2021\/11\/IMG_7360-300x293.jpg 300w\" sizes=\"(max-width: 677px) 100vw, 677px\" \/><\/figure>\n<\/div>\n\n\n\n<div class=\"wp-block-column is-layout-flow wp-block-column-is-layout-flow\">\n<figure class=\"wp-block-image size-large\"><img loading=\"lazy\" decoding=\"async\" width=\"1024\" height=\"1024\" src=\"https:\/\/esthetique-beaute-luce.com\/wp-content\/uploads\/2025\/10\/D167C587-A43D-4FE1-A63B-D2CF76793A0E-1024x1024.jpg\" alt=\"\" class=\"wp-image-1121\" srcset=\"https:\/\/esthetique-beaute-luce.com\/wp-content\/uploads\/2025\/10\/D167C587-A43D-4FE1-A63B-D2CF76793A0E-1024x1024.jpg 1024w, https:\/\/esthetique-beaute-luce.com\/wp-content\/uploads\/2025\/10\/D167C587-A43D-4FE1-A63B-D2CF76793A0E-300x300.jpg 300w, https:\/\/esthetique-beaute-luce.com\/wp-content\/uploads\/2025\/10\/D167C587-A43D-4FE1-A63B-D2CF76793A0E-150x150.jpg 150w, https:\/\/esthetique-beaute-luce.com\/wp-content\/uploads\/2025\/10\/D167C587-A43D-4FE1-A63B-D2CF76793A0E-768x768.jpg 768w, https:\/\/esthetique-beaute-luce.com\/wp-content\/uploads\/2025\/10\/D167C587-A43D-4FE1-A63B-D2CF76793A0E-1536x1536.jpg 1536w, https:\/\/esthetique-beaute-luce.com\/wp-content\/uploads\/2025\/10\/D167C587-A43D-4FE1-A63B-D2CF76793A0E-100x100.jpg 100w, https:\/\/esthetique-beaute-luce.com\/wp-content\/uploads\/2025\/10\/D167C587-A43D-4FE1-A63B-D2CF76793A0E.jpg 2048w\" sizes=\"(max-width: 1024px) 100vw, 1024px\" \/><\/figure>\n<\/div>\n<\/div>\n\n\n\n<figure class=\"wp-block-gallery has-nested-images columns-default is-cropped wp-block-gallery-1 is-layout-flex wp-block-gallery-is-layout-flex\"><\/figure>\n\n\n\n<figure class=\"wp-block-gallery has-nested-images columns-default is-cropped wp-block-gallery-2 is-layout-flex wp-block-gallery-is-layout-flex\"><\/figure>\n","protected":false},"excerpt":{"rendered":"<p>******************************************************* Manucures Manucure simple et pose de base : 25\u20ac Manucure ti\u00e8de \u00e0 la K\u00e9ratine : 35\u20ac Express ongles &amp; Vernis simple : 30\u20ac Express ongles &amp; Vernis semi-permanent : &hellip; <\/p>\n","protected":false},"author":1,"featured_media":0,"parent":0,"menu_order":0,"comment_status":"closed","ping_status":"closed","template":"","meta":{"_uag_custom_page_level_css":"","footnotes":""},"class_list":["post-37","page","type-page","status-publish","hentry"],"uagb_featured_image_src":{"full":false,"thumbnail":false,"medium":false,"medium_large":false,"large":false,"1536x1536":false,"2048x2048":false,"blossom-spa-single":false,"blossom-spa-service":false,"blossom-spa-team":false,"blossom-spa-pagination":false,"blossom-spa-blog-list":false,"blossom-spa-blog-classic":false,"blossom-spa-blog-classic-full":false,"blossom-spa-related":false},"uagb_author_info":{"display_name":"admin1827","author_link":"https:\/\/esthetique-beaute-luce.com\/index.php\/author\/admin1827\/"},"uagb_comment_info":0,"uagb_excerpt":"******************************************************* Manucures Manucure simple et pose de base : 25\u20ac Manucure ti\u00e8de \u00e0 la K\u00e9ratine : 35\u20ac Express ongles &amp; Vernis simple : 30\u20ac Express ongles &amp; Vernis semi-permanent : &hellip;","_links":{"self":[{"href":"https:\/\/esthetique-beaute-luce.com\/index.php\/wp-json\/wp\/v2\/pages\/37","targetHints":{"allow":["GET"]}}],"collection":[{"href":"https:\/\/esthetique-beaute-luce.com\/index.php\/wp-json\/wp\/v2\/pages"}],"about":[{"href":"https:\/\/esthetique-beaute-luce.com\/index.php\/wp-json\/wp\/v2\/types\/page"}],"author":[{"embeddable":true,"href":"https:\/\/esthetique-beaute-luce.com\/index.php\/wp-json\/wp\/v2\/users\/1"}],"replies":[{"embeddable":true,"href":"https:\/\/esthetique-beaute-luce.com\/index.php\/wp-json\/wp\/v2\/comments?post=37"}],"version-history":[{"count":39,"href":"https:\/\/esthetique-beaute-luce.com\/index.php\/wp-json\/wp\/v2\/pages\/37\/revisions"}],"predecessor-version":[{"id":1135,"href":"https:\/\/esthetique-beaute-luce.com\/index.php\/wp-json\/wp\/v2\/pages\/37\/revisions\/1135"}],"wp:attachment":[{"href":"https:\/\/esthetique-beaute-luce.com\/index.php\/wp-json\/wp\/v2\/media?parent=37"}],"curies":[{"name":"wp","href":"https:\/\/api.w.org\/{rel}","templated":true}]}}